{"id":16,"date":"2024-03-06T21:39:48","date_gmt":"2024-03-06T21:39:48","guid":{"rendered":"https:\/\/mae-moreno-nutriologa.com\/?page_id=16"},"modified":"2024-04-11T01:24:09","modified_gmt":"2024-04-11T01:24:09","slug":"sobre-mi","status":"publish","type":"page","link":"https:\/\/mae-moreno-nutriologa.com\/?page_id=16","title":{"rendered":"Sobre mi"},"content":{"rendered":"<p>[et_pb_section fb_built=&#8221;1&#8243; admin_label=&#8221;Header&#8221; _builder_version=&#8221;4.22.0&#8243; _module_preset=&#8221;default&#8221; background_color=&#8221;gcid-946866d9-c2b9-4b1f-9c7c-a55f3a135378&#8243; background_image=&#8221;https:\/\/mae-moreno-nutriologa.com\/wp-content\/uploads\/2024\/03\/nutrition-coaching-background-05.png&#8221; background_size=&#8221;initial&#8221; background_position=&#8221;bottom_center&#8221; collapsed=&#8221;on&#8221; global_colors_info=&#8221;{%22gcid-946866d9-c2b9-4b1f-9c7c-a55f3a135378%22:%91%22background_color%22%93}&#8221;][et_pb_row column_structure=&#8221;1_2,1_2&#8243; _builder_version=&#8221;4.23.1&#8243; _module_preset=&#8221;default&#8221; global_colors_info=&#8221;{}&#8221;][et_pb_column type=&#8221;1_2&#8243; _builder_version=&#8221;4.23.1&#8243; _module_preset=&#8221;default&#8221; custom_padding=&#8221;100px||||false|false&#8221; custom_padding_tablet=&#8221;0px||||false|false&#8221; custom_padding_phone=&#8221;&#8221; custom_padding_last_edited=&#8221;on|desktop&#8221; global_colors_info=&#8221;{}&#8221;][et_pb_text _builder_version=&#8221;4.24.2&#8243; _module_preset=&#8221;3dfccbc1-edee-4866-a69f-d430aec7a24d&#8221; text_font=&#8221;Inter||||||||&#8221; text_font_size=&#8221;20px&#8221; text_line_height=&#8221;1.8em&#8221; custom_margin=&#8221;||0px||false|false&#8221; global_colors_info=&#8221;{}&#8221;]<\/p>\n<h4>Nutrici\u00f3n, salud y actividad f\u00edsica<\/h4>\n<p>[\/et_pb_text][et_pb_text _builder_version=&#8221;4.24.2&#8243; _module_preset=&#8221;d592a845-73b7-4913-9881-372668142f4b&#8221; header_font=&#8221;Rufina|700|||||||&#8221; header_font_size=&#8221;60px&#8221; header_line_height=&#8221;1.2em&#8221; custom_margin=&#8221;||10px||false|false&#8221; locked=&#8221;off&#8221; global_colors_info=&#8221;{}&#8221;]<\/p>\n<h1>Mae Moreno Ching<\/h1>\n<p>[\/et_pb_text][et_pb_text _builder_version=&#8221;4.24.2&#8243; _module_preset=&#8221;cfbfdd79-90e8-48ea-94ab-2c6b2cc220f0&#8243; text_font=&#8221;Inter||||||||&#8221; text_font_size=&#8221;20px&#8221; text_line_height=&#8221;1.8em&#8221; global_colors_info=&#8221;{}&#8221;]<\/p>\n<p><span style=\"font-size: 18px; line-height: 21px;\">M\u00e9dico cirujano &#8211; M\u00e1ster en Nutrici\u00f3n Humana<\/span><\/p>\n<p>[\/et_pb_text][et_pb_button button_url=&#8221;https:\/\/mae-moreno-nutriologa.com\/?page_id=20&#8243; button_text=&#8221;Agenda tu cita&#8221; _builder_version=&#8221;4.24.2&#8243; _module_preset=&#8221;e5326fed-4d99-4eaa-8cb4-a4bda6016a31&#8243; custom_button=&#8221;on&#8221; button_text_size=&#8221;14px&#8221; button_text_color=&#8221;#000000&#8243; button_bg_color=&#8221;#a8c864&#8243; button_border_width=&#8221;0px&#8221; button_border_radius=&#8221;0px&#8221; button_font=&#8221;Inter|700|||||||&#8221; custom_padding=&#8221;16px|40px|16px|40px|false|false&#8221; global_colors_info=&#8221;{}&#8221;][\/et_pb_button][\/et_pb_column][et_pb_column type=&#8221;1_2&#8243; _builder_version=&#8221;4.22.0&#8243; _module_preset=&#8221;default&#8221; global_colors_info=&#8221;{}&#8221;][et_pb_image src=&#8221;https:\/\/mae-moreno-nutriologa.com\/wp-content\/uploads\/2024\/03\/Mae_Sobre_Mi.jpg&#8221; title_text=&#8221;Mae_Sobre_Mi&#8221; _builder_version=&#8221;4.24.2&#8243; _module_preset=&#8221;default&#8221; max_height_tablet=&#8221;300px&#8221; max_height_phone=&#8221;300px&#8221; max_height_last_edited=&#8221;on|desktop&#8221; custom_margin=&#8221;||||false&#8221; border_radii=&#8221;on|20px|20px|20px|20px&#8221; border_color_all=&#8221;RGBA(255,255,255,0)&#8221; border_style_all=&#8221;none&#8221; box_shadow_style=&#8221;preset4&#8243; box_shadow_horizontal=&#8221;0px&#8221; box_shadow_vertical=&#8221;0px&#8221; box_shadow_spread=&#8221;-80px&#8221; box_shadow_color=&#8221;#A8C864&#8243; global_colors_info=&#8221;{}&#8221;][\/et_pb_image][\/et_pb_column][\/et_pb_row][\/et_pb_section][et_pb_section fb_built=&#8221;1&#8243; admin_label=&#8221;My Journey&#8221; _builder_version=&#8221;4.22.0&#8243; _module_preset=&#8221;default&#8221; collapsed=&#8221;on&#8221; global_colors_info=&#8221;{}&#8221;][et_pb_row _builder_version=&#8221;4.22.0&#8243; _module_preset=&#8221;default&#8221; max_width=&#8221;700px&#8221; global_colors_info=&#8221;{}&#8221;][et_pb_column type=&#8221;4_4&#8243; _builder_version=&#8221;4.22.0&#8243; _module_preset=&#8221;default&#8221; global_colors_info=&#8221;{}&#8221;][et_pb_text _builder_version=&#8221;4.24.2&#8243; _module_preset=&#8221;c40d9126-d5b7-4b4d-b6d0-8c70a86fc400&#8243; text_orientation=&#8221;center&#8221; custom_margin=&#8221;||10px||false|false&#8221; global_colors_info=&#8221;{}&#8221;]<\/p>\n<h2><span>Mi pasi\u00f3n por la nutrici\u00f3n\u00a0<\/span><\/h2>\n<p>[\/et_pb_text][et_pb_text _builder_version=&#8221;4.24.2&#8243; _module_preset=&#8221;54cda445-55b9-4ea3-8adf-debe89307927&#8243; text_font=&#8221;Inter||||||||&#8221; text_font_size=&#8221;16px&#8221; text_line_height=&#8221;1.8em&#8221; text_orientation=&#8221;center&#8221; hover_enabled=&#8221;0&#8243; global_colors_info=&#8221;{}&#8221; sticky_enabled=&#8221;0&#8243;]<\/p>\n<p>Soy la Dra. Mae Moreno Ching, una apasionada profesional de la salud con una s\u00f3lida formaci\u00f3n en medicina y una maestr\u00eda en nutrici\u00f3n humana y un certificado por la Asociaci\u00f3n Latinoamericana de Salud y Actividad F\u00edsica. Mi traves\u00eda en el campo de la salud comenz\u00f3 en la Universidad Central del Ecuador, donde me gradu\u00e9 como m\u00e9dico cirujano, y desde entonces, he dedicado mi vida a apoyar el bienestar de mis pacientes.<\/p>\n<p>Mi compromiso con la educaci\u00f3n me llev\u00f3 a desempe\u00f1ar roles docentes en varias universidades, incluyendo una de las mejores de nuestro pa\u00eds. Compartir conocimientos con las generaciones venideras de profesionales de la salud ha sido una experiencia enriquecedora que ha influido en mi enfoque integral hacia la medicina.<\/p>\n<p>En mi consultorio, me especializo en atender a pacientes con diversas necesidades nutricionales. Desde la atenci\u00f3n a enfermedades cr\u00f3nicas como la insuficiencia renal, la diabetes y las dislipidemias, hasta la asesor\u00eda integral para pacientes con desaf\u00edos nutricionales como la obesidad y la desnutrici\u00f3n. Mi objetivo es proporcionar soluciones personalizadas que impulsen la salud y el bienestar a largo plazo.<\/p>\n<p>Adem\u00e1s de mi enfoque cl\u00ednico, abrazo la importancia del ejercicio f\u00edsico como complemento esencial para una vida saludable. Esta perspectiva hol\u00edstica se traduce en una prescripci\u00f3n no solo de dietas, sino tambi\u00e9n de planes de actividad f\u00edsica adaptados a las necesidades individuales de mis pacientes.<\/p>\n<p>Mi colaboraci\u00f3n estrecha con m\u00e9dicos especialistas refleja mi creencia en el trabajo en equipo para abordar la complejidad de la salud humana. Adem\u00e1s, ofrezco atenci\u00f3n nutricional a domicilio, especialmente a pacientes ancianos, reconociendo la importancia de adaptar mis servicios a las necesidades espec\u00edficas de cada individuo.<\/p>\n<p>Con un equilibrio \u00fanico entre mi experiencia acad\u00e9mica y mi pr\u00e1ctica cl\u00ednica, me enorgullece ser una gu\u00eda confiable en el viaje hacia la salud y la nutrici\u00f3n \u00f3ptimas. Mi enfoque centrado en el paciente y mi dedicaci\u00f3n a la excelencia son pilares fundamentales en mi compromiso con el bienestar de quienes conf\u00edan en mis cuidados.<\/p>\n<p>\u00a1Espero tener la oportunidad de ser parte de tu viaje hacia una vida m\u00e1s saludable!<\/p>\n<p>[\/et_pb_text][\/et_pb_column][\/et_pb_row][\/et_pb_section][et_pb_section fb_built=&#8221;1&#8243; admin_label=&#8221;About&#8221; _builder_version=&#8221;4.22.0&#8243; _module_preset=&#8221;default&#8221; locked=&#8221;off&#8221; collapsed=&#8221;on&#8221; global_colors_info=&#8221;{}&#8221;][et_pb_row make_equal=&#8221;on&#8221; _builder_version=&#8221;4.24.2&#8243; _module_preset=&#8221;default&#8221; global_colors_info=&#8221;{}&#8221;][et_pb_column type=&#8221;4_4&#8243; _builder_version=&#8221;4.23.1&#8243; _module_preset=&#8221;default&#8221; custom_padding=&#8221;40px|30px|40px|30px|true|true&#8221; custom_padding_tablet=&#8221;40px|30px|40px|30px|true|true&#8221; custom_padding_phone=&#8221;30px|20px|30px|20px|true|true&#8221; custom_padding_last_edited=&#8221;on|tablet&#8221; border_width_all=&#8221;2px&#8221; border_color_all=&#8221;gcid-95530a2b-5e91-45c7-8ffb-59bb0a37f154&#8243; global_colors_info=&#8221;{%22gcid-95530a2b-5e91-45c7-8ffb-59bb0a37f154%22:%91%22image_icon_background_color%22,%22border_color_all%22,%22image_icon_background_color%22,%22border_color_all%22,%22image_icon_background_color%22,%22border_color_all%22%93}&#8221;][et_pb_text _builder_version=&#8221;4.24.2&#8243; _module_preset=&#8221;c1c40990-3fd1-4c9d-8267-555d2a8f59af&#8221; global_colors_info=&#8221;{}&#8221;]<\/p>\n<h4>M\u00e9dico Cirujano. Magister Scietiae en Nutrici\u00f3n Humana<\/h4>\n<p>[\/et_pb_text][et_pb_text _builder_version=&#8221;4.24.2&#8243; _module_preset=&#8221;54cda445-55b9-4ea3-8adf-debe89307927&#8243; text_font=&#8221;Inter||||||||&#8221; text_font_size=&#8221;16px&#8221; text_line_height=&#8221;1.8em&#8221; global_colors_info=&#8221;{}&#8221;]<\/p>\n<ul>\n<li>Universidad Central del Ecuador, Ecuador\u00a0 1985 &#8211; 1992<\/li>\n<li>Universidad San Francisco de Quito, Ecuador\u00a0 1998 \u2013 2002<\/li>\n<\/ul>\n<p>[\/et_pb_text][\/et_pb_column][\/et_pb_row][et_pb_row make_equal=&#8221;on&#8221; _builder_version=&#8221;4.24.2&#8243; _module_preset=&#8221;default&#8221; global_colors_info=&#8221;{}&#8221;][et_pb_column type=&#8221;4_4&#8243; _builder_version=&#8221;4.23.1&#8243; _module_preset=&#8221;default&#8221; custom_padding=&#8221;40px|30px|40px|30px|true|true&#8221; custom_padding_tablet=&#8221;40px|30px|40px|30px|true|true&#8221; custom_padding_phone=&#8221;30px|20px|30px|20px|true|true&#8221; custom_padding_last_edited=&#8221;on|tablet&#8221; border_width_all=&#8221;2px&#8221; border_color_all=&#8221;gcid-95530a2b-5e91-45c7-8ffb-59bb0a37f154&#8243; global_colors_info=&#8221;{%22gcid-95530a2b-5e91-45c7-8ffb-59bb0a37f154%22:%91%22image_icon_background_color%22,%22border_color_all%22,%22image_icon_background_color%22,%22border_color_all%22,%22image_icon_background_color%22,%22border_color_all%22%93}&#8221;][et_pb_text _builder_version=&#8221;4.24.2&#8243; _module_preset=&#8221;266cf28e-b97d-4fde-b52b-fb296db341c5&#8243; global_colors_info=&#8221;{}&#8221;]<\/p>\n<h4>Experiencia profesional<\/h4>\n<p>[\/et_pb_text][et_pb_text _builder_version=&#8221;4.24.2&#8243; _module_preset=&#8221;54cda445-55b9-4ea3-8adf-debe89307927&#8243; text_font=&#8221;Inter||||||||&#8221; text_font_size=&#8221;16px&#8221; text_line_height=&#8221;1.8em&#8221; global_colors_info=&#8221;{}&#8221;]<\/p>\n<ul>\n<li>Curso de Prescripci\u00f3n de Ejercicio F\u00edsico, American College of Sports Medicine, Bogot\u00e1, Colombia 2013<\/li>\n<li>Curso Internacional de Nutrici\u00f3n Energ\u00e9tica en la Actividad F\u00edsica y el Deporte, Asociaci\u00f3n Latinoamericana de Salud y Actividad f\u00edsica, Argentina 2007<\/li>\n<li>Medicina Tradicional Andina, Pontificia Universidad Cat\u00f3lica del Ecuador Quito, Ecuador 1994<\/li>\n<\/ul>\n<p>[\/et_pb_text][\/et_pb_column][\/et_pb_row][et_pb_row make_equal=&#8221;on&#8221; _builder_version=&#8221;4.24.2&#8243; _module_preset=&#8221;default&#8221; global_colors_info=&#8221;{}&#8221;][et_pb_column type=&#8221;4_4&#8243; _builder_version=&#8221;4.23.1&#8243; _module_preset=&#8221;default&#8221; custom_padding=&#8221;40px|30px|40px|30px|true|true&#8221; custom_padding_tablet=&#8221;40px|30px|40px|30px|true|true&#8221; custom_padding_phone=&#8221;30px|20px|30px|20px|true|true&#8221; custom_padding_last_edited=&#8221;on|tablet&#8221; border_width_all=&#8221;2px&#8221; border_color_all=&#8221;gcid-95530a2b-5e91-45c7-8ffb-59bb0a37f154&#8243; global_colors_info=&#8221;{%22gcid-95530a2b-5e91-45c7-8ffb-59bb0a37f154%22:%91%22image_icon_background_color%22,%22border_color_all%22,%22image_icon_background_color%22,%22border_color_all%22,%22image_icon_background_color%22,%22border_color_all%22,%22image_icon_background_color%22,%22border_color_all%22,%22image_icon_background_color%22,%22border_color_all%22%93}&#8221;][et_pb_text _builder_version=&#8221;4.24.2&#8243; _module_preset=&#8221;52919c83-bf3e-4ec8-be95-9ec4412f6cdb&#8221; global_colors_info=&#8221;{}&#8221;]<\/p>\n<h4>Publicaciones<\/h4>\n<p>[\/et_pb_text][et_pb_text _builder_version=&#8221;4.24.2&#8243; _module_preset=&#8221;54cda445-55b9-4ea3-8adf-debe89307927&#8243; text_font=&#8221;Inter||||||||&#8221; text_font_size=&#8221;16px&#8221; text_line_height=&#8221;1.8em&#8221; locked=&#8221;off&#8221; global_colors_info=&#8221;{}&#8221;]<\/p>\n<ul>\n<li>Efecto de la eficiencia de la dieta previa e ingesta de l\u00edquido en ciclistas elite sobre el estado de hidrataci\u00f3n durante una prueba controlada, Moreno, Gallegos, USFQ, 2014<\/li>\n<li>Nivel de Actividad f\u00edsica y su relaci\u00f3n con el exceso de peso y factores sociodemogr\u00e1ficos en trabajadores de la UIDE, Panchi, Moreno, Mogrovejo, UIDE, 2013<\/li>\n<li>Estado nutricional y factores de riesgo cardiovascular en los funcionarios del Instituto Nacional de Meteorolog\u00eda e Hidrolog\u00eda, Granda Suasnavas, Moreno, USFQ, 2012<\/li>\n<li>M\u00e1s de 100 ideas de loncheras saludables, Moreno, 2010<\/li>\n<\/ul>\n<p>[\/et_pb_text][\/et_pb_column][\/et_pb_row][\/et_pb_section][et_pb_section fb_built=&#8221;1&#8243; admin_label=&#8221;Footer&#8221; _builder_version=&#8221;4.23.1&#8243; _module_preset=&#8221;default&#8221; custom_padding=&#8221;0px||0px||false|false&#8221; saved_tabs=&#8221;all&#8221; collapsed=&#8221;on&#8221; global_colors_info=&#8221;{}&#8221;][et_pb_row _builder_version=&#8221;4.24.2&#8243; _module_preset=&#8221;default&#8221; use_background_color_gradient=&#8221;on&#8221; background_color_gradient_stops=&#8221;rgba(0,0,0,0.7) 0%|rgba(255,255,255,0) 100%&#8221; background_color_gradient_overlays_image=&#8221;on&#8221; background_image=&#8221;https:\/\/mae-moreno-nutriologa.com\/wp-content\/uploads\/2024\/03\/Banner_Inicio_abajo_1.jpg&#8221; parallax=&#8221;on&#8221; width=&#8221;100%&#8221; max_width=&#8221;none&#8221; custom_padding=&#8221;0px||0px||true|false&#8221; global_colors_info=&#8221;{}&#8221;][et_pb_column type=&#8221;4_4&#8243; _builder_version=&#8221;4.23.1&#8243; _module_preset=&#8221;default&#8221; global_colors_info=&#8221;{}&#8221;][et_pb_divider show_divider=&#8221;off&#8221; _builder_version=&#8221;4.23.1&#8243; _module_preset=&#8221;default&#8221; height=&#8221;12vw&#8221; global_colors_info=&#8221;{}&#8221;][\/et_pb_divider][\/et_pb_column][\/et_pb_row][et_pb_row column_structure=&#8221;1_2,1_2&#8243; _builder_version=&#8221;4.22.0&#8243; _module_preset=&#8221;default&#8221; global_colors_info=&#8221;{}&#8221;][et_pb_column type=&#8221;1_2&#8243; _builder_version=&#8221;4.22.0&#8243; _module_preset=&#8221;default&#8221; global_colors_info=&#8221;{}&#8221;][et_pb_text _builder_version=&#8221;4.24.2&#8243; _module_preset=&#8221;e9261c31-cafd-42f4-911a-02315127c681&#8243; global_colors_info=&#8221;{}&#8221;]<\/p>\n<h2>Manteng\u00e1monos informados y sanos todos los d\u00edas.<\/h2>\n<p>[\/et_pb_text][\/et_pb_column][et_pb_column type=&#8221;1_2&#8243; _builder_version=&#8221;4.22.0&#8243; _module_preset=&#8221;default&#8221; global_colors_info=&#8221;{}&#8221;][et_pb_signup mailchimp_list=&#8221;undefined|elegantthemestest|1ea2bbd026&#8243; first_name_field=&#8221;off&#8221; last_name_field=&#8221;off&#8221; button_text=&#8221;Enviar&#8221; _builder_version=&#8221;4.24.2&#8243; _module_preset=&#8221;b808f965-e549-4df4-8326-4dfdcf5d455c&#8221; locked=&#8221;off&#8221; global_colors_info=&#8221;{}&#8221;][\/et_pb_signup][\/et_pb_column][\/et_pb_row][et_pb_row column_structure=&#8221;1_3,1_3,1_3&#8243; _builder_version=&#8221;4.22.0&#8243; _module_preset=&#8221;default&#8221; border_color_all=&#8221;rgba(0,0,0,0.12)&#8221; border_width_top=&#8221;1px&#8221; global_colors_info=&#8221;{}&#8221;][et_pb_column type=&#8221;1_3&#8243; _builder_version=&#8221;4.22.0&#8243; _module_preset=&#8221;default&#8221; global_colors_info=&#8221;{}&#8221;][et_pb_text _builder_version=&#8221;4.24.2&#8243; _module_preset=&#8221;06e5fe0c-21f7-4232-8343-f4abc52fe3d8&#8243; text_orientation=&#8221;center&#8221; custom_margin=&#8221;||10px||false|false&#8221; global_colors_info=&#8221;{}&#8221;]<\/p>\n<h5><strong>Direcci\u00f3n<\/strong><\/h5>\n<p>[\/et_pb_text][et_pb_text _builder_version=&#8221;4.24.2&#8243; _module_preset=&#8221;b3dea318-c68d-4302-9fc5-433efb6b273d&#8221; text_font=&#8221;Inter||||||||&#8221; text_font_size=&#8221;16px&#8221; link_text_color=&#8221;gcid-c6bf7a23-856a-4cb2-9140-f8fe92a7e2b1&#8243; text_orientation=&#8221;center&#8221; global_colors_info=&#8221;{%22gcid-c6bf7a23-856a-4cb2-9140-f8fe92a7e2b1%22:%91%22link_text_color%22%93}&#8221;]<\/p>\n<p>Consultorio Hospital de los Valles\u00a0 Avenida Interoce\u00e1nica Km 12.5<\/p>\n<p>Cumbay\u00e1 Quito<\/p>\n<p>[\/et_pb_text][\/et_pb_column][et_pb_column type=&#8221;1_3&#8243; _builder_version=&#8221;4.22.0&#8243; _module_preset=&#8221;default&#8221; global_colors_info=&#8221;{}&#8221;][et_pb_text _builder_version=&#8221;4.24.2&#8243; _module_preset=&#8221;06e5fe0c-21f7-4232-8343-f4abc52fe3d8&#8243; text_orientation=&#8221;center&#8221; custom_margin=&#8221;||10px||false|false&#8221; global_colors_info=&#8221;{}&#8221;]<\/p>\n<h5><strong>Social<\/strong><\/h5>\n<p>[\/et_pb_text][et_pb_social_media_follow icon_color=&#8221;#000000&#8243; use_icon_font_size=&#8221;on&#8221; _builder_version=&#8221;4.24.2&#8243; _module_preset=&#8221;default&#8221; text_orientation=&#8221;center&#8221; border_radii=&#8221;on|100px|100px|100px|100px&#8221; global_colors_info=&#8221;{}&#8221;][et_pb_social_media_follow_network social_network=&#8221;instagram&#8221; url=&#8221;https:\/\/www.instagram.com\/maemorenoc\/&#8221; _builder_version=&#8221;4.24.2&#8243; _module_preset=&#8221;default&#8221; background_color=&#8221;gcid-95530a2b-5e91-45c7-8ffb-59bb0a37f154&#8243; background_enable_color=&#8221;on&#8221; custom_padding=&#8221;4px|4px|4px|4px|true|true&#8221; global_colors_info=&#8221;{%22gcid-95530a2b-5e91-45c7-8ffb-59bb0a37f154%22:%91%22background_color%22%93}&#8221; follow_button=&#8221;off&#8221; url_new_window=&#8221;on&#8221;]instagram[\/et_pb_social_media_follow_network][\/et_pb_social_media_follow][\/et_pb_column][et_pb_column type=&#8221;1_3&#8243; _builder_version=&#8221;4.22.0&#8243; _module_preset=&#8221;default&#8221; global_colors_info=&#8221;{}&#8221;][et_pb_text _builder_version=&#8221;4.24.2&#8243; _module_preset=&#8221;06e5fe0c-21f7-4232-8343-f4abc52fe3d8&#8243; text_orientation=&#8221;center&#8221; custom_margin=&#8221;||10px||false|false&#8221; global_colors_info=&#8221;{}&#8221;]<\/p>\n<h5><strong>Contacto<\/strong><\/h5>\n<p>[\/et_pb_text][et_pb_text _builder_version=&#8221;4.24.2&#8243; _module_preset=&#8221;b3dea318-c68d-4302-9fc5-433efb6b273d&#8221; text_font=&#8221;Inter||||||||&#8221; text_font_size=&#8221;16px&#8221; link_text_color=&#8221;gcid-c6bf7a23-856a-4cb2-9140-f8fe92a7e2b1&#8243; text_orientation=&#8221;center&#8221; custom_margin=&#8221;||10px||false|false&#8221; global_colors_info=&#8221;{%22gcid-c6bf7a23-856a-4cb2-9140-f8fe92a7e2b1%22:%91%22link_text_color%22%93}&#8221;]<\/p>\n<p>+593 99 972 3524<\/p>\n<p>[\/et_pb_text][et_pb_text _builder_version=&#8221;4.24.2&#8243; _module_preset=&#8221;b3dea318-c68d-4302-9fc5-433efb6b273d&#8221; text_font=&#8221;Inter||||||||&#8221; text_font_size=&#8221;16px&#8221; link_text_color=&#8221;gcid-c6bf7a23-856a-4cb2-9140-f8fe92a7e2b1&#8243; text_orientation=&#8221;center&#8221; custom_margin=&#8221;||10px||false|false&#8221; global_colors_info=&#8221;{%22gcid-c6bf7a23-856a-4cb2-9140-f8fe92a7e2b1%22:%91%22link_text_color%22%93}&#8221;]<\/p>\n<p><a href=\"mailto:#\">maemorreno66@gmail.com<\/a><\/p>\n<p>[\/et_pb_text][\/et_pb_column][\/et_pb_row][\/et_pb_section]<\/p>\n","protected":false},"excerpt":{"rendered":"<p>[et_pb_section fb_built=&#8221;1&#8243; admin_label=&#8221;Header&#8221; _builder_version=&#8221;4.22.0&#8243; _module_preset=&#8221;default&#8221; background_color=&#8221;gcid-946866d9-c2b9-4b1f-9c7c-a55f3a135378&#8243; background_image=&#8221;https:\/\/mae-moreno-nutriologa.com\/wp-content\/uploads\/2024\/03\/nutrition-coaching-background-05.png&#8221; background_size=&#8221;initial&#8221; background_position=&#8221;bottom_center&#8221; collapsed=&#8221;on&#8221; global_colors_info=&#8221;{%22gcid-946866d9-c2b9-4b1f-9c7c-a55f3a135378%22:%91%22background_color%22%93}&#8221;][et_pb_row column_structure=&#8221;1_2,1_2&#8243; _builder_version=&#8221;4.23.1&#8243; _module_preset=&#8221;default&#8221; global_colors_info=&#8221;{}&#8221;][et_pb_column type=&#8221;1_2&#8243; _builder_version=&#8221;4.23.1&#8243; _module_preset=&#8221;default&#8221; custom_padding=&#8221;100px||||false|false&#8221; custom_padding_tablet=&#8221;0px||||false|false&#8221; custom_padding_phone=&#8221;&#8221; custom_padding_last_edited=&#8221;on|desktop&#8221; global_colors_info=&#8221;{}&#8221;][et_pb_text _builder_version=&#8221;4.24.2&#8243; _module_preset=&#8221;3dfccbc1-edee-4866-a69f-d430aec7a24d&#8221; text_font=&#8221;Inter||||||||&#8221; text_font_size=&#8221;20px&#8221; text_line_height=&#8221;1.8em&#8221; custom_margin=&#8221;||0px||false|false&#8221; global_colors_info=&#8221;{}&#8221;] Nutrici\u00f3n, salud y actividad f\u00edsica [\/et_pb_text][et_pb_text _builder_version=&#8221;4.24.2&#8243; _module_preset=&#8221;d592a845-73b7-4913-9881-372668142f4b&#8221; header_font=&#8221;Rufina|700|||||||&#8221; header_font_size=&#8221;60px&#8221; header_line_height=&#8221;1.2em&#8221; custom_margin=&#8221;||10px||false|false&#8221; locked=&#8221;off&#8221; global_colors_info=&#8221;{}&#8221;] Mae Moreno Ching [\/et_pb_text][et_pb_text _builder_version=&#8221;4.24.2&#8243; _module_preset=&#8221;cfbfdd79-90e8-48ea-94ab-2c6b2cc220f0&#8243; text_font=&#8221;Inter||||||||&#8221; text_font_size=&#8221;20px&#8221; text_line_height=&#8221;1.8em&#8221; global_colors_info=&#8221;{}&#8221;] M\u00e9dico [&hellip;]<\/p>\n","protected":false},"author":1,"featured_media":0,"parent":0,"menu_order":0,"comment_status":"closed","ping_status":"closed","template":"","meta":{"footnotes":""},"_links":{"self":[{"href":"https:\/\/mae-moreno-nutriologa.com\/index.php?rest_route=\/wp\/v2\/pages\/16"}],"collection":[{"href":"https:\/\/mae-moreno-nutriologa.com\/index.php?rest_route=\/wp\/v2\/pages"}],"about":[{"href":"https:\/\/mae-moreno-nutriologa.com\/index.php?rest_route=\/wp\/v2\/types\/page"}],"author":[{"embeddable":true,"href":"https:\/\/mae-moreno-nutriologa.com\/index.php?rest_route=\/wp\/v2\/users\/1"}],"replies":[{"embeddable":true,"href":"https:\/\/mae-moreno-nutriologa.com\/index.php?rest_route=%2Fwp%2Fv2%2Fcomments&post=16"}],"version-history":[{"count":15,"href":"https:\/\/mae-moreno-nutriologa.com\/index.php?rest_route=\/wp\/v2\/pages\/16\/revisions"}],"predecessor-version":[{"id":221,"href":"https:\/\/mae-moreno-nutriologa.com\/index.php?rest_route=\/wp\/v2\/pages\/16\/revisions\/221"}],"wp:attachment":[{"href":"https:\/\/mae-moreno-nutriologa.com\/index.php?rest_route=%2Fwp%2Fv2%2Fmedia&parent=16"}],"curies":[{"name":"wp","href":"https:\/\/api.w.org\/{rel}","templated":true}]}}